{"id":933,"date":"2021-05-13T20:41:18","date_gmt":"2021-05-13T23:41:18","guid":{"rendered":"https:\/\/www.mamuth.com.br\/web2021\/?page_id=933"},"modified":"2021-11-03T16:38:12","modified_gmt":"2021-11-03T19:38:12","slug":"projetos","status":"publish","type":"page","link":"https:\/\/www.mamuth.com.br\/web2021\/projetos\/","title":{"rendered":"Projetos"},"content":{"rendered":"<p><div class=\"fusion-fullwidth fullwidth-box fusion-builder-row-1 fusion-flex-container fusion-parallax-none nonhundred-percent-fullwidth non-hundred-percent-height-scrolling\" style=\"background-color: rgba(255,255,255,0);background-image: url(&quot;https:\/\/www.mamuth.com.br\/web2021\/wp-content\/uploads\/2021\/06\/bann1_r1_c7c.jpg&quot;);background-image:linear-gradient(180deg, #000000 0%,rgba(255,255,255,0) 100%),url(https:\/\/www.mamuth.com.br\/web2021\/wp-content\/uploads\/2021\/06\/bann1_r1_c7c.jpg);background-position: center top;background-repeat: no-repeat;border-width: 0px 0px 0px 0px;border-color:#eae9e9;border-style:solid;-webkit-background-size:cover;-moz-background-size:cover;-o-background-size:cover;background-size:cover;\" ><div class=\"fusion-builder-row fusion-row fusion-flex-align-items-stretch\" style=\"max-width:calc( 1140px + 0px );margin-left: calc(-0px \/ 2 );margin-right: calc(-0px \/ 2 );\"><div class=\"fusion-layout-column fusion_builder_column fusion-builder-column-0 fusion_builder_column_1_1 1_1 fusion-flex-column fusion-flex-align-self-flex-start fusion-column-no-min-height fusion-animated\" data-animationType=\"fadeInDown\" data-animationDuration=\"1.0\" data-animationOffset=\"100%\"><div class=\"fusion-column-wrapper fusion-flex-justify-content-flex-start fusion-content-layout-column\" style=\"background-position:left top;background-repeat:no-repeat;-webkit-background-size:cover;-moz-background-size:cover;-o-background-size:cover;background-size:cover;padding: 0px 0px 0px 0px;\"><style type=\"text\/css\">@media only screen and (max-width:1024px) {.fusion-title.fusion-title-1{margin-top:0px!important; margin-right:0px!important;margin-bottom:31px!important;margin-left:0px!important;}}@media only screen and (max-width:640px) {.fusion-title.fusion-title-1{margin-top:0px!important; margin-right:0px!important;margin-bottom:20px!important; margin-left:0px!important;}}<\/style><div class=\"fusion-title title fusion-title-1 fusion-sep-none fusion-title-center fusion-title-text fusion-title-size-one\" style=\"font-size:40px;margin-top:0px;margin-right:0px;margin-bottom:31px;margin-left:0px;\"><h1 class=\"title-heading-center fusion-responsive-typography-calculated\" style=\"margin:0;font-size:1em;color:#feba12;--fontSize:40;line-height:0.85;\">Plano de Rigging<\/h1><\/div><style type=\"text\/css\">@media only screen and (max-width:1024px) {.fusion-title.fusion-title-2{margin-top:-10px!important; margin-right:0px!important;margin-bottom:31px!important;margin-left:0px!important;}}@media only screen and (max-width:640px) {.fusion-title.fusion-title-2{margin-top:0px!important; margin-right:0px!important;margin-bottom:20px!important; margin-left:0px!important;}}<\/style><div class=\"fusion-title title fusion-title-2 fusion-sep-none fusion-title-center fusion-title-text fusion-title-size-two\" style=\"font-size:18px;margin-top:-10px;margin-right:0px;margin-bottom:31px;margin-left:0px;\"><h2 class=\"title-heading-center fusion-responsive-typography-calculated\" style=\"margin:0;font-size:1em;color:#ffffff;--fontSize:18;line-height:1.3;\">Acompanhando as exig\u00eancias de mercado, a MAMUTH possui um departamento especializado para a realiza\u00e7\u00e3o de estudos de viabiliza\u00e7\u00e3o elaborados em AutoCAD, seja este servi\u00e7os de transporte, i\u00e7amento ou de movimenta\u00e7\u00e3o de cargas de grande porte.<\/h2><\/div><\/div><style type=\"text\/css\">.fusion-body .fusion-builder-column-0{width:100% !important;margin-top : 0px;margin-bottom : 20px;}.fusion-builder-column-0 > .fusion-column-wrapper {padding-top : 0px !important;padding-right : 0px !important;margin-right : 0px;padding-bottom : 0px !important;padding-left : 0px !important;margin-left : 0px;}@media only screen and (max-width:1024px) {.fusion-body .fusion-builder-column-0{width:100% !important;}.fusion-builder-column-0 > .fusion-column-wrapper {margin-right : 0px;margin-left : 0px;}}@media only screen and (max-width:640px) {.fusion-body .fusion-builder-column-0{width:100% !important;}.fusion-builder-column-0 > .fusion-column-wrapper {margin-right : 0px;margin-left : 0px;}}<\/style><\/div><\/div><style type=\"text\/css\">.fusion-body .fusion-flex-container.fusion-builder-row-1{ padding-top : 2%;margin-top : 0px;padding-right : 10%;padding-bottom : 1%;margin-bottom : 0px;padding-left : 10%;}<\/style><\/div><div class=\"fusion-fullwidth fullwidth-box fusion-builder-row-2 fusion-flex-container nonhundred-percent-fullwidth non-hundred-percent-height-scrolling\" style=\"background-color: rgba(255,255,255,0);background-position: center center;background-repeat: no-repeat;border-width: 0px 0px 0px 0px;border-color:#eae9e9;border-style:solid;\" ><div class=\"fusion-builder-row fusion-row fusion-flex-align-items-flex-start\" style=\"max-width:1185.6px;margin-left: calc(-4% \/ 2 );margin-right: calc(-4% \/ 2 );\"><div class=\"fusion-layout-column fusion_builder_column fusion-builder-column-1 fusion_builder_column_1_2 1_2 fusion-flex-column\"><div class=\"fusion-column-wrapper fusion-flex-justify-content-flex-start fusion-content-layout-column\" style=\"background-position:left top;background-repeat:no-repeat;-webkit-background-size:cover;-moz-background-size:cover;-o-background-size:cover;background-size:cover;padding: 0px 0px 0px 0px;\"><div class=\"fusion-text fusion-text-1\"><p><strong>Plano de Rigging<\/strong><\/p>\n<p style=\"text-align: justify;\">Consiste em elaborar um estudo em desenho t\u00e9cnico com ferramentas como Autocad, onde \u00e9 poss\u00edvel visualizar a estrat\u00e9gia de movimenta\u00e7\u00e3o da carga, seja horizontal ou verticalmente.<\/p>\n<p><b>Estudo de Viabilidade Geom\u00e9trica<\/b><\/p>\n<p style=\"text-align: justify;\">Consiste em verificar e simular em desenho t\u00e9cnico o transporte com carga com dimens\u00f5es excedentes em volume e massa, de forma a apontar a melhor rota, considerando eventuais necessidades de adequa\u00e7\u00f5es no percurso para viabilizar o transporte. Adequa\u00e7\u00f5es estas que v\u00e3o desde eleva\u00e7\u00e3o de cabos el\u00e9tricos, telef\u00f4nicos, tv a cabo, at\u00e9 eventuais adequa\u00e7\u00f5es nas vias p\u00fablicas como eleva\u00e7\u00e3o ou remo\u00e7\u00e3o de interfer\u00eancias como passarelas, p\u00f3rticos sinalizadores, placas ou at\u00e9 sem\u00e1foros.<\/p>\n<p style=\"text-align: justify;\">Para isso contamos com um time de t\u00e9cnicos com grande expertise para o estudo minucioso, onde \u00e9 considerado a interface com as normas regulamentadoras de tr\u00e2nsito, oferecendo ao mercado seguran\u00e7a e previsibilidade no investimento pretendido para tal opera\u00e7\u00e3o.<\/p>\n<p><b>Para que serve o EVG<\/b><\/p>\n<p style=\"text-align: justify;\">Para evitar erros comuns no transporte rodovi\u00e1rio como rota em tra\u00e7ados inadequados para o transporte de carga excedente, evitando assim acidentes e danos \u00e0 obras de arte (viadutos, pontes) bem como em infraestrutura de energia e comunica\u00e7\u00e3o, como fios e cabos el\u00e9tricos e telef\u00f4nicos.<\/p>\n<\/div><\/div><style type=\"text\/css\">.fusion-body .fusion-builder-column-1{width:50% !important;margin-top : 0px;margin-bottom : 20px;}.fusion-builder-column-1 > .fusion-column-wrapper {padding-top : 0px !important;padding-right : 0px !important;margin-right : 3.84%;padding-bottom : 0px !important;padding-left : 0px !important;margin-left : 3.84%;}@media only screen and (max-width:1024px) {.fusion-body .fusion-builder-column-1{width:100% !important;order : 0;}.fusion-builder-column-1 > .fusion-column-wrapper {margin-right : 1.92%;margin-left : 1.92%;}}@media only screen and (max-width:640px) {.fusion-body .fusion-builder-column-1{width:100% !important;order : 0;}.fusion-builder-column-1 > .fusion-column-wrapper {margin-right : 1.92%;margin-left : 1.92%;}}<\/style><\/div><div class=\"fusion-layout-column fusion_builder_column fusion-builder-column-2 fusion_builder_column_1_2 1_2 fusion-flex-column\"><div class=\"fusion-column-wrapper fusion-flex-justify-content-flex-start fusion-content-layout-column\" style=\"background-position:left top;background-repeat:no-repeat;-webkit-background-size:cover;-moz-background-size:cover;-o-background-size:cover;background-size:cover;padding: 0px 0px 0px 0px;\"><div class=\"fusion-slider-sc\"><div class=\"fusion-flexslider-loading flexslider fusion-alignright flexslider-hover-type-none\" data-slideshow_autoplay=\"1\" data-slideshow_smooth_height=\"1\" data-slideshow_speed=\"4100\" style=\"max-width:100%;height:100%;\"><ul class=\"slides\"><li class=\"image\"><span class=\"fusion-image-hover-element hover-type-none\"><img src=\"https:\/\/www.mamuth.com.br\/web2021\/wp-content\/uploads\/2021\/06\/p1.jpg\" width=\"1100\" height=\"779\" class=\"wp-image-1994\" srcset=\"https:\/\/www.mamuth.com.br\/web2021\/wp-content\/uploads\/2021\/06\/p1-200x142.jpg 200w, https:\/\/www.mamuth.com.br\/web2021\/wp-content\/uploads\/2021\/06\/p1-400x283.jpg 400w, https:\/\/www.mamuth.com.br\/web2021\/wp-content\/uploads\/2021\/06\/p1-600x425.jpg 600w, https:\/\/www.mamuth.com.br\/web2021\/wp-content\/uploads\/2021\/06\/p1-800x567.jpg 800w, https:\/\/www.mamuth.com.br\/web2021\/wp-content\/uploads\/2021\/06\/p1.jpg 1100w\" sizes=\"(max-width: 1024px) 100vw, (max-width: 640px) 100vw, 600px\" \/><\/span><\/li><li class=\"image\"><span class=\"fusion-image-hover-element hover-type-none\"><img src=\"https:\/\/www.mamuth.com.br\/web2021\/wp-content\/uploads\/2021\/11\/1.jpg\" width=\"1118\" height=\"790\" class=\"wp-image-3336\" srcset=\"https:\/\/www.mamuth.com.br\/web2021\/wp-content\/uploads\/2021\/11\/1-200x141.jpg 200w, https:\/\/www.mamuth.com.br\/web2021\/wp-content\/uploads\/2021\/11\/1-400x283.jpg 400w, https:\/\/www.mamuth.com.br\/web2021\/wp-content\/uploads\/2021\/11\/1-600x424.jpg 600w, https:\/\/www.mamuth.com.br\/web2021\/wp-content\/uploads\/2021\/11\/1-800x565.jpg 800w, https:\/\/www.mamuth.com.br\/web2021\/wp-content\/uploads\/2021\/11\/1.jpg 1118w\" sizes=\"(max-width: 1024px) 100vw, (max-width: 640px) 100vw, 600px\" \/><\/span><\/li><li class=\"image\"><span class=\"fusion-image-hover-element hover-type-none\"><img src=\"https:\/\/www.mamuth.com.br\/web2021\/wp-content\/uploads\/2021\/11\/2.jpg\" width=\"1118\" height=\"790\" class=\"wp-image-3337\" srcset=\"https:\/\/www.mamuth.com.br\/web2021\/wp-content\/uploads\/2021\/11\/2-200x141.jpg 200w, https:\/\/www.mamuth.com.br\/web2021\/wp-content\/uploads\/2021\/11\/2-400x283.jpg 400w, https:\/\/www.mamuth.com.br\/web2021\/wp-content\/uploads\/2021\/11\/2-600x424.jpg 600w, https:\/\/www.mamuth.com.br\/web2021\/wp-content\/uploads\/2021\/11\/2-800x565.jpg 800w, https:\/\/www.mamuth.com.br\/web2021\/wp-content\/uploads\/2021\/11\/2.jpg 1118w\" sizes=\"(max-width: 1024px) 100vw, (max-width: 640px) 100vw, 600px\" \/><\/span><\/li><li class=\"image\"><span class=\"fusion-image-hover-element hover-type-none\"><img src=\"https:\/\/www.mamuth.com.br\/web2021\/wp-content\/uploads\/2021\/11\/3.jpg\" width=\"1114\" height=\"787\" class=\"wp-image-3338\" srcset=\"https:\/\/www.mamuth.com.br\/web2021\/wp-content\/uploads\/2021\/11\/3-200x141.jpg 200w, https:\/\/www.mamuth.com.br\/web2021\/wp-content\/uploads\/2021\/11\/3-400x283.jpg 400w, https:\/\/www.mamuth.com.br\/web2021\/wp-content\/uploads\/2021\/11\/3-600x424.jpg 600w, https:\/\/www.mamuth.com.br\/web2021\/wp-content\/uploads\/2021\/11\/3-800x565.jpg 800w, https:\/\/www.mamuth.com.br\/web2021\/wp-content\/uploads\/2021\/11\/3.jpg 1114w\" sizes=\"(max-width: 1024px) 100vw, (max-width: 640px) 100vw, 600px\" \/><\/span><\/li><li class=\"image\"><span class=\"fusion-image-hover-element hover-type-none\"><img src=\"https:\/\/www.mamuth.com.br\/web2021\/wp-content\/uploads\/2021\/11\/4.jpg\" width=\"1115\" height=\"788\" class=\"wp-image-3339\" srcset=\"https:\/\/www.mamuth.com.br\/web2021\/wp-content\/uploads\/2021\/11\/4-200x141.jpg 200w, https:\/\/www.mamuth.com.br\/web2021\/wp-content\/uploads\/2021\/11\/4-400x283.jpg 400w, https:\/\/www.mamuth.com.br\/web2021\/wp-content\/uploads\/2021\/11\/4-600x424.jpg 600w, https:\/\/www.mamuth.com.br\/web2021\/wp-content\/uploads\/2021\/11\/4-800x565.jpg 800w, https:\/\/www.mamuth.com.br\/web2021\/wp-content\/uploads\/2021\/11\/4.jpg 1115w\" sizes=\"(max-width: 1024px) 100vw, (max-width: 640px) 100vw, 600px\" \/><\/span><\/li><li class=\"image\"><span class=\"fusion-image-hover-element hover-type-none\"><img src=\"https:\/\/www.mamuth.com.br\/web2021\/wp-content\/uploads\/2021\/11\/5.jpg\" width=\"1116\" height=\"789\" class=\"wp-image-3340\" srcset=\"https:\/\/www.mamuth.com.br\/web2021\/wp-content\/uploads\/2021\/11\/5-200x141.jpg 200w, https:\/\/www.mamuth.com.br\/web2021\/wp-content\/uploads\/2021\/11\/5-400x283.jpg 400w, https:\/\/www.mamuth.com.br\/web2021\/wp-content\/uploads\/2021\/11\/5-600x424.jpg 600w, https:\/\/www.mamuth.com.br\/web2021\/wp-content\/uploads\/2021\/11\/5-800x566.jpg 800w, https:\/\/www.mamuth.com.br\/web2021\/wp-content\/uploads\/2021\/11\/5.jpg 1116w\" sizes=\"(max-width: 1024px) 100vw, (max-width: 640px) 100vw, 600px\" \/><\/span><\/li><li class=\"image\"><span class=\"fusion-image-hover-element hover-type-none\"><img src=\"https:\/\/www.mamuth.com.br\/web2021\/wp-content\/uploads\/2021\/11\/6.jpg\" width=\"1116\" height=\"788\" class=\"wp-image-3341\" srcset=\"https:\/\/www.mamuth.com.br\/web2021\/wp-content\/uploads\/2021\/11\/6-200x141.jpg 200w, https:\/\/www.mamuth.com.br\/web2021\/wp-content\/uploads\/2021\/11\/6-400x282.jpg 400w, https:\/\/www.mamuth.com.br\/web2021\/wp-content\/uploads\/2021\/11\/6-600x424.jpg 600w, https:\/\/www.mamuth.com.br\/web2021\/wp-content\/uploads\/2021\/11\/6-800x565.jpg 800w, https:\/\/www.mamuth.com.br\/web2021\/wp-content\/uploads\/2021\/11\/6.jpg 1116w\" sizes=\"(max-width: 1024px) 100vw, (max-width: 640px) 100vw, 600px\" \/><\/span><\/li><li class=\"image\"><span class=\"fusion-image-hover-element hover-type-none\"><img src=\"https:\/\/www.mamuth.com.br\/web2021\/wp-content\/uploads\/2021\/11\/7.jpg\" width=\"1118\" height=\"791\" class=\"wp-image-3342\" srcset=\"https:\/\/www.mamuth.com.br\/web2021\/wp-content\/uploads\/2021\/11\/7-200x142.jpg 200w, https:\/\/www.mamuth.com.br\/web2021\/wp-content\/uploads\/2021\/11\/7-400x283.jpg 400w, https:\/\/www.mamuth.com.br\/web2021\/wp-content\/uploads\/2021\/11\/7-600x425.jpg 600w, https:\/\/www.mamuth.com.br\/web2021\/wp-content\/uploads\/2021\/11\/7-800x566.jpg 800w, https:\/\/www.mamuth.com.br\/web2021\/wp-content\/uploads\/2021\/11\/7.jpg 1118w\" sizes=\"(max-width: 1024px) 100vw, (max-width: 640px) 100vw, 600px\" \/><\/span><\/li><\/ul><\/div><\/div><\/div><style type=\"text\/css\">.fusion-body .fusion-builder-column-2{width:50% !important;margin-top : 0px;margin-bottom : 20px;}.fusion-builder-column-2 > .fusion-column-wrapper {padding-top : 0px !important;padding-right : 0px !important;margin-right : 3.84%;padding-bottom : 0px !important;padding-left : 0px !important;margin-left : 3.84%;}@media only screen and (max-width:1024px) {.fusion-body .fusion-builder-column-2{width:100% !important;order : 0;}.fusion-builder-column-2 > .fusion-column-wrapper {margin-right : 1.92%;margin-left : 1.92%;}}@media only screen and (max-width:640px) {.fusion-body .fusion-builder-column-2{width:100% !important;order : 0;}.fusion-builder-column-2 > .fusion-column-wrapper {margin-right : 1.92%;margin-left : 1.92%;}}<\/style><\/div><\/div><style type=\"text\/css\">.fusion-body .fusion-flex-container.fusion-builder-row-2{ padding-top : 0px;margin-top : 80px;padding-right : 0px;padding-bottom : 0px;margin-bottom : 0px;padding-left : 0px;}<\/style><\/div><\/p>\n","protected":false},"excerpt":{"rendered":"","protected":false},"author":1,"featured_media":0,"parent":0,"menu_order":0,"comment_status":"closed","ping_status":"closed","template":"100-width.php","meta":[],"yoast_head":"<!-- This site is optimized with the Yoast SEO plugin v18.5.1 - https:\/\/yoast.com\/wordpress\/plugins\/seo\/ -->\r\n<title>Projetos - Mamuth - Transporte de Cargas Pesadas, Loca\u00e7\u00e3o de Guindastes, Movimenta\u00e7\u00e3o de Cargas<\/title>\r\n<meta name=\"robots\" content=\"index, follow, max-snippet:-1, max-image-preview:large, max-video-preview:-1\" \/>\r\n<link rel=\"canonical\" href=\"https:\/\/www.mamuth.com.br\/web2021\/projetos\/\" \/>\r\n<meta property=\"og:locale\" content=\"pt_BR\" \/>\r\n<meta property=\"og:type\" content=\"article\" \/>\r\n<meta property=\"og:title\" content=\"Projetos - Mamuth - Transporte de Cargas Pesadas, Loca\u00e7\u00e3o de Guindastes, Movimenta\u00e7\u00e3o de Cargas\" \/>\r\n<meta property=\"og:url\" content=\"https:\/\/www.mamuth.com.br\/web2021\/projetos\/\" \/>\r\n<meta property=\"og:site_name\" content=\"Mamuth - Transporte de Cargas Pesadas, Loca\u00e7\u00e3o de Guindastes, Movimenta\u00e7\u00e3o de Cargas\" \/>\r\n<meta property=\"article:modified_time\" content=\"2021-11-03T19:38:12+00:00\" \/>\r\n<meta name=\"twitter:card\" content=\"summary_large_image\" \/>\r\n<meta name=\"twitter:label1\" content=\"Est. tempo de leitura\" \/>\n\t<meta name=\"twitter:data1\" content=\"8 minutos\" \/>\r\n<script type=\"application\/ld+json\" class=\"yoast-schema-graph\">{\"@context\":\"https:\/\/schema.org\",\"@graph\":[{\"@type\":\"WebSite\",\"@id\":\"https:\/\/www.mamuth.com.br\/web2021\/#website\",\"url\":\"https:\/\/www.mamuth.com.br\/web2021\/\",\"name\":\"Mamuth - Transporte de Cargas Pesadas, Loca\u00e7\u00e3o de Guindastes, Movimenta\u00e7\u00e3o de Cargas\",\"description\":\"Mamuth - Transporte de Cargas Pesadas, Loca\u00e7\u00e3o de Guindastes, Movimenta\u00e7\u00e3o de Cargas\",\"potentialAction\":[{\"@type\":\"SearchAction\",\"target\":{\"@type\":\"EntryPoint\",\"urlTemplate\":\"https:\/\/www.mamuth.com.br\/web2021\/?s={search_term_string}\"},\"query-input\":\"required name=search_term_string\"}],\"inLanguage\":\"pt-BR\"},{\"@type\":\"WebPage\",\"@id\":\"https:\/\/www.mamuth.com.br\/web2021\/projetos\/#webpage\",\"url\":\"https:\/\/www.mamuth.com.br\/web2021\/projetos\/\",\"name\":\"Projetos - Mamuth - Transporte de Cargas Pesadas, Loca\u00e7\u00e3o de Guindastes, Movimenta\u00e7\u00e3o de Cargas\",\"isPartOf\":{\"@id\":\"https:\/\/www.mamuth.com.br\/web2021\/#website\"},\"datePublished\":\"2021-05-13T23:41:18+00:00\",\"dateModified\":\"2021-11-03T19:38:12+00:00\",\"breadcrumb\":{\"@id\":\"https:\/\/www.mamuth.com.br\/web2021\/projetos\/#breadcrumb\"},\"inLanguage\":\"pt-BR\",\"potentialAction\":[{\"@type\":\"ReadAction\",\"target\":[\"https:\/\/www.mamuth.com.br\/web2021\/projetos\/\"]}]},{\"@type\":\"BreadcrumbList\",\"@id\":\"https:\/\/www.mamuth.com.br\/web2021\/projetos\/#breadcrumb\",\"itemListElement\":[{\"@type\":\"ListItem\",\"position\":1,\"name\":\"In\u00edcio\",\"item\":\"https:\/\/www.mamuth.com.br\/web2021\/\"},{\"@type\":\"ListItem\",\"position\":2,\"name\":\"Projetos\"}]}]}<\/script>\r\n<!-- \/ Yoast SEO plugin. -->","yoast_head_json":{"title":"Projetos - Mamuth - Transporte de Cargas Pesadas, Loca\u00e7\u00e3o de Guindastes, Movimenta\u00e7\u00e3o de Cargas","robots":{"index":"index","follow":"follow","max-snippet":"max-snippet:-1","max-image-preview":"max-image-preview:large","max-video-preview":"max-video-preview:-1"},"canonical":"https:\/\/www.mamuth.com.br\/web2021\/projetos\/","og_locale":"pt_BR","og_type":"article","og_title":"Projetos - Mamuth - Transporte de Cargas Pesadas, Loca\u00e7\u00e3o de Guindastes, Movimenta\u00e7\u00e3o de Cargas","og_url":"https:\/\/www.mamuth.com.br\/web2021\/projetos\/","og_site_name":"Mamuth - Transporte de Cargas Pesadas, Loca\u00e7\u00e3o de Guindastes, Movimenta\u00e7\u00e3o de Cargas","article_modified_time":"2021-11-03T19:38:12+00:00","twitter_card":"summary_large_image","twitter_misc":{"Est. tempo de leitura":"8 minutos"},"schema":{"@context":"https:\/\/schema.org","@graph":[{"@type":"WebSite","@id":"https:\/\/www.mamuth.com.br\/web2021\/#website","url":"https:\/\/www.mamuth.com.br\/web2021\/","name":"Mamuth - Transporte de Cargas Pesadas, Loca\u00e7\u00e3o de Guindastes, Movimenta\u00e7\u00e3o de Cargas","description":"Mamuth - Transporte de Cargas Pesadas, Loca\u00e7\u00e3o de Guindastes, Movimenta\u00e7\u00e3o de Cargas","potentialAction":[{"@type":"SearchAction","target":{"@type":"EntryPoint","urlTemplate":"https:\/\/www.mamuth.com.br\/web2021\/?s={search_term_string}"},"query-input":"required name=search_term_string"}],"inLanguage":"pt-BR"},{"@type":"WebPage","@id":"https:\/\/www.mamuth.com.br\/web2021\/projetos\/#webpage","url":"https:\/\/www.mamuth.com.br\/web2021\/projetos\/","name":"Projetos - Mamuth - Transporte de Cargas Pesadas, Loca\u00e7\u00e3o de Guindastes, Movimenta\u00e7\u00e3o de Cargas","isPartOf":{"@id":"https:\/\/www.mamuth.com.br\/web2021\/#website"},"datePublished":"2021-05-13T23:41:18+00:00","dateModified":"2021-11-03T19:38:12+00:00","breadcrumb":{"@id":"https:\/\/www.mamuth.com.br\/web2021\/projetos\/#breadcrumb"},"inLanguage":"pt-BR","potentialAction":[{"@type":"ReadAction","target":["https:\/\/www.mamuth.com.br\/web2021\/projetos\/"]}]},{"@type":"BreadcrumbList","@id":"https:\/\/www.mamuth.com.br\/web2021\/projetos\/#breadcrumb","itemListElement":[{"@type":"ListItem","position":1,"name":"In\u00edcio","item":"https:\/\/www.mamuth.com.br\/web2021\/"},{"@type":"ListItem","position":2,"name":"Projetos"}]}]}},"_links":{"self":[{"href":"https:\/\/www.mamuth.com.br\/web2021\/wp-json\/wp\/v2\/pages\/933"}],"collection":[{"href":"https:\/\/www.mamuth.com.br\/web2021\/wp-json\/wp\/v2\/pages"}],"about":[{"href":"https:\/\/www.mamuth.com.br\/web2021\/wp-json\/wp\/v2\/types\/page"}],"author":[{"embeddable":true,"href":"https:\/\/www.mamuth.com.br\/web2021\/wp-json\/wp\/v2\/users\/1"}],"replies":[{"embeddable":true,"href":"https:\/\/www.mamuth.com.br\/web2021\/wp-json\/wp\/v2\/comments?post=933"}],"version-history":[{"count":8,"href":"https:\/\/www.mamuth.com.br\/web2021\/wp-json\/wp\/v2\/pages\/933\/revisions"}],"predecessor-version":[{"id":3343,"href":"https:\/\/www.mamuth.com.br\/web2021\/wp-json\/wp\/v2\/pages\/933\/revisions\/3343"}],"wp:attachment":[{"href":"https:\/\/www.mamuth.com.br\/web2021\/wp-json\/wp\/v2\/media?parent=933"}],"curies":[{"name":"wp","href":"https:\/\/api.w.org\/{rel}","templated":true}]}}