{"id":945,"date":"2021-05-13T20:46:30","date_gmt":"2021-05-13T23:46:30","guid":{"rendered":"https:\/\/www.mamuth.com.br\/web2021\/?page_id=945"},"modified":"2021-05-13T20:46:30","modified_gmt":"2021-05-13T23:46:30","slug":"midia","status":"publish","type":"page","link":"https:\/\/www.mamuth.com.br\/web2021\/midia\/","title":{"rendered":"M\u00eddia"},"content":{"rendered":"","protected":false},"excerpt":{"rendered":"","protected":false},"author":1,"featured_media":0,"parent":0,"menu_order":0,"comment_status":"closed","ping_status":"closed","template":"","meta":[],"yoast_head":"<!-- This site is optimized with the Yoast SEO plugin v18.5.1 - https:\/\/yoast.com\/wordpress\/plugins\/seo\/ -->\r\n<title>M\u00eddia - Mamuth - Transporte de Cargas Pesadas, Loca\u00e7\u00e3o de Guindastes, Movimenta\u00e7\u00e3o de Cargas<\/title>\r\n<meta name=\"robots\" content=\"index, follow, max-snippet:-1, max-image-preview:large, max-video-preview:-1\" \/>\r\n<link rel=\"canonical\" href=\"https:\/\/www.mamuth.com.br\/web2021\/midia\/\" \/>\r\n<meta property=\"og:locale\" content=\"pt_BR\" \/>\r\n<meta property=\"og:type\" content=\"article\" \/>\r\n<meta property=\"og:title\" content=\"M\u00eddia - Mamuth - Transporte de Cargas Pesadas, Loca\u00e7\u00e3o de Guindastes, Movimenta\u00e7\u00e3o de Cargas\" \/>\r\n<meta property=\"og:url\" content=\"https:\/\/www.mamuth.com.br\/web2021\/midia\/\" \/>\r\n<meta property=\"og:site_name\" content=\"Mamuth - Transporte de Cargas Pesadas, Loca\u00e7\u00e3o de Guindastes, Movimenta\u00e7\u00e3o de Cargas\" \/>\r\n<meta name=\"twitter:card\" content=\"summary_large_image\" \/>\r\n<script type=\"application\/ld+json\" class=\"yoast-schema-graph\">{\"@context\":\"https:\/\/schema.org\",\"@graph\":[{\"@type\":\"WebSite\",\"@id\":\"https:\/\/www.mamuth.com.br\/web2021\/#website\",\"url\":\"https:\/\/www.mamuth.com.br\/web2021\/\",\"name\":\"Mamuth - Transporte de Cargas Pesadas, Loca\u00e7\u00e3o de Guindastes, Movimenta\u00e7\u00e3o de Cargas\",\"description\":\"Mamuth - Transporte de Cargas Pesadas, Loca\u00e7\u00e3o de Guindastes, Movimenta\u00e7\u00e3o de Cargas\",\"potentialAction\":[{\"@type\":\"SearchAction\",\"target\":{\"@type\":\"EntryPoint\",\"urlTemplate\":\"https:\/\/www.mamuth.com.br\/web2021\/?s={search_term_string}\"},\"query-input\":\"required name=search_term_string\"}],\"inLanguage\":\"pt-BR\"},{\"@type\":\"WebPage\",\"@id\":\"https:\/\/www.mamuth.com.br\/web2021\/midia\/#webpage\",\"url\":\"https:\/\/www.mamuth.com.br\/web2021\/midia\/\",\"name\":\"M\u00eddia - Mamuth - Transporte de Cargas Pesadas, Loca\u00e7\u00e3o de Guindastes, Movimenta\u00e7\u00e3o de Cargas\",\"isPartOf\":{\"@id\":\"https:\/\/www.mamuth.com.br\/web2021\/#website\"},\"datePublished\":\"2021-05-13T23:46:30+00:00\",\"dateModified\":\"2021-05-13T23:46:30+00:00\",\"breadcrumb\":{\"@id\":\"https:\/\/www.mamuth.com.br\/web2021\/midia\/#breadcrumb\"},\"inLanguage\":\"pt-BR\",\"potentialAction\":[{\"@type\":\"ReadAction\",\"target\":[\"https:\/\/www.mamuth.com.br\/web2021\/midia\/\"]}]},{\"@type\":\"BreadcrumbList\",\"@id\":\"https:\/\/www.mamuth.com.br\/web2021\/midia\/#breadcrumb\",\"itemListElement\":[{\"@type\":\"ListItem\",\"position\":1,\"name\":\"In\u00edcio\",\"item\":\"https:\/\/www.mamuth.com.br\/web2021\/\"},{\"@type\":\"ListItem\",\"position\":2,\"name\":\"M\u00eddia\"}]}]}<\/script>\r\n<!-- \/ Yoast SEO plugin. -->","yoast_head_json":{"title":"M\u00eddia - Mamuth - Transporte de Cargas Pesadas, Loca\u00e7\u00e3o de Guindastes, Movimenta\u00e7\u00e3o de Cargas","robots":{"index":"index","follow":"follow","max-snippet":"max-snippet:-1","max-image-preview":"max-image-preview:large","max-video-preview":"max-video-preview:-1"},"canonical":"https:\/\/www.mamuth.com.br\/web2021\/midia\/","og_locale":"pt_BR","og_type":"article","og_title":"M\u00eddia - Mamuth - Transporte de Cargas Pesadas, Loca\u00e7\u00e3o de Guindastes, Movimenta\u00e7\u00e3o de Cargas","og_url":"https:\/\/www.mamuth.com.br\/web2021\/midia\/","og_site_name":"Mamuth - Transporte de Cargas Pesadas, Loca\u00e7\u00e3o de Guindastes, Movimenta\u00e7\u00e3o de Cargas","twitter_card":"summary_large_image","schema":{"@context":"https:\/\/schema.org","@graph":[{"@type":"WebSite","@id":"https:\/\/www.mamuth.com.br\/web2021\/#website","url":"https:\/\/www.mamuth.com.br\/web2021\/","name":"Mamuth - Transporte de Cargas Pesadas, Loca\u00e7\u00e3o de Guindastes, Movimenta\u00e7\u00e3o de Cargas","description":"Mamuth - Transporte de Cargas Pesadas, Loca\u00e7\u00e3o de Guindastes, Movimenta\u00e7\u00e3o de Cargas","potentialAction":[{"@type":"SearchAction","target":{"@type":"EntryPoint","urlTemplate":"https:\/\/www.mamuth.com.br\/web2021\/?s={search_term_string}"},"query-input":"required name=search_term_string"}],"inLanguage":"pt-BR"},{"@type":"WebPage","@id":"https:\/\/www.mamuth.com.br\/web2021\/midia\/#webpage","url":"https:\/\/www.mamuth.com.br\/web2021\/midia\/","name":"M\u00eddia - Mamuth - Transporte de Cargas Pesadas, Loca\u00e7\u00e3o de Guindastes, Movimenta\u00e7\u00e3o de Cargas","isPartOf":{"@id":"https:\/\/www.mamuth.com.br\/web2021\/#website"},"datePublished":"2021-05-13T23:46:30+00:00","dateModified":"2021-05-13T23:46:30+00:00","breadcrumb":{"@id":"https:\/\/www.mamuth.com.br\/web2021\/midia\/#breadcrumb"},"inLanguage":"pt-BR","potentialAction":[{"@type":"ReadAction","target":["https:\/\/www.mamuth.com.br\/web2021\/midia\/"]}]},{"@type":"BreadcrumbList","@id":"https:\/\/www.mamuth.com.br\/web2021\/midia\/#breadcrumb","itemListElement":[{"@type":"ListItem","position":1,"name":"In\u00edcio","item":"https:\/\/www.mamuth.com.br\/web2021\/"},{"@type":"ListItem","position":2,"name":"M\u00eddia"}]}]}},"_links":{"self":[{"href":"https:\/\/www.mamuth.com.br\/web2021\/wp-json\/wp\/v2\/pages\/945"}],"collection":[{"href":"https:\/\/www.mamuth.com.br\/web2021\/wp-json\/wp\/v2\/pages"}],"about":[{"href":"https:\/\/www.mamuth.com.br\/web2021\/wp-json\/wp\/v2\/types\/page"}],"author":[{"embeddable":true,"href":"https:\/\/www.mamuth.com.br\/web2021\/wp-json\/wp\/v2\/users\/1"}],"replies":[{"embeddable":true,"href":"https:\/\/www.mamuth.com.br\/web2021\/wp-json\/wp\/v2\/comments?post=945"}],"version-history":[{"count":1,"href":"https:\/\/www.mamuth.com.br\/web2021\/wp-json\/wp\/v2\/pages\/945\/revisions"}],"predecessor-version":[{"id":947,"href":"https:\/\/www.mamuth.com.br\/web2021\/wp-json\/wp\/v2\/pages\/945\/revisions\/947"}],"wp:attachment":[{"href":"https:\/\/www.mamuth.com.br\/web2021\/wp-json\/wp\/v2\/media?parent=945"}],"curies":[{"name":"wp","href":"https:\/\/api.w.org\/{rel}","templated":true}]}}